{"id":37,"date":"2026-04-11T14:22:28","date_gmt":"2026-04-11T14:22:28","guid":{"rendered":"https:\/\/buromatik.com\/?page_id=37"},"modified":"2026-04-11T15:21:50","modified_gmt":"2026-04-11T15:21:50","slug":"home","status":"publish","type":"page","link":"https:\/\/buromatik.com\/","title":{"rendered":"Home"},"content":{"rendered":"\t\t<div data-elementor-type=\"wp-page\" data-elementor-id=\"37\" class=\"elementor elementor-37\" data-elementor-post-type=\"page\">\n\t\t\t\t<div class=\"elementor-element elementor-element-d5cfde3 e-flex e-con-boxed e-con e-parent\" data-id=\"d5cfde3\" data-element_type=\"container\" data-e-type=\"container\" data-settings=\"{&quot;background_background&quot;:&quot;classic&quot;}\">\n\t\t\t\t\t<div class=\"e-con-inner\">\n\t\t\t\t<div class=\"elementor-element elementor-element-3ecd55be elementor-invisible elementor-widget elementor-widget-heading\" data-id=\"3ecd55be\" data-element_type=\"widget\" data-e-type=\"widget\" data-settings=\"{&quot;_animation&quot;:&quot;fadeIn&quot;}\" data-widget_type=\"heading.default\">\n\t\t\t\t\t<h1 class=\"elementor-heading-title elementor-size-default\">Dein B\u00fcro l\u00e4uft automatisch.<\/h1>\t\t\t\t<\/div>\n\t\t\t\t<div class=\"elementor-element elementor-element-32b3f1bc elementor-invisible elementor-widget elementor-widget-heading\" data-id=\"32b3f1bc\" data-element_type=\"widget\" data-e-type=\"widget\" data-settings=\"{&quot;_animation&quot;:&quot;fadeIn&quot;}\" data-widget_type=\"heading.default\">\n\t\t\t\t\t<h2 class=\"elementor-heading-title elementor-size-default\">Mehr Zeit f\u00fcr echte Arbeit.<\/h2>\t\t\t\t<\/div>\n\t\t\t\t<div class=\"elementor-element elementor-element-2a921c06 elementor-align-center elementor-invisible elementor-widget elementor-widget-button\" data-id=\"2a921c06\" data-element_type=\"widget\" data-e-type=\"widget\" data-settings=\"{&quot;_animation&quot;:&quot;fadeIn&quot;,&quot;_animation_delay&quot;:400}\" data-widget_type=\"button.default\">\n\t\t\t\t\t\t\t\t\t\t<a class=\"elementor-button elementor-size-sm\" role=\"button\">\n\t\t\t\t\t\t<span class=\"elementor-button-content-wrapper\">\n\t\t\t\t\t\t\t\t\t<span class=\"elementor-button-text\">Kostenlose Anfrage starten<\/span>\n\t\t\t\t\t<\/span>\n\t\t\t\t\t<\/a>\n\t\t\t\t\t\t\t\t<\/div>\n\t\t\t\t\t<\/div>\n\t\t\t\t<\/div>\n\t\t<div class=\"elementor-element elementor-element-76b52626 e-flex e-con-boxed e-con e-parent\" data-id=\"76b52626\" data-element_type=\"container\" data-e-type=\"container\">\n\t\t\t\t\t<div class=\"e-con-inner\">\n\t\t\t\t<div class=\"elementor-element elementor-element-30e5297 elementor-widget elementor-widget-heading\" data-id=\"30e5297\" data-element_type=\"widget\" data-e-type=\"widget\" data-widget_type=\"heading.default\">\n\t\t\t\t\t<h2 class=\"elementor-heading-title elementor-size-default\">Was wir f\u00fcr dich automatisieren<\/h2>\t\t\t\t<\/div>\n\t\t\t\t<div class=\"elementor-element elementor-element-ccbb979 elementor-widget elementor-widget-heading\" data-id=\"ccbb979\" data-element_type=\"widget\" data-e-type=\"widget\" data-widget_type=\"heading.default\">\n\t\t\t\t\t<h5 class=\"elementor-heading-title elementor-size-default\">This text briefly introduces your main services to your visitors.<\/h5>\t\t\t\t<\/div>\n\t\t<div class=\"elementor-element elementor-element-b2d7dbe e-con-full e-flex e-con e-child\" data-id=\"b2d7dbe\" data-element_type=\"container\" data-e-type=\"container\">\n\t\t\t\t<div class=\"elementor-element elementor-element-43ed2439 elementor-widget-tablet__width-initial elementor-widget-mobile__width-inherit elementor-widget__width-initial elementor-position-top elementor-widget elementor-widget-image-box\" data-id=\"43ed2439\" data-element_type=\"widget\" data-e-type=\"widget\" data-widget_type=\"image-box.default\">\n\t\t\t\t\t<div class=\"elementor-image-box-wrapper\"><figure class=\"elementor-image-box-img\"><img fetchpriority=\"high\" decoding=\"async\" width=\"683\" height=\"600\" src=\"https:\/\/buromatik.com\/wp-content\/uploads\/2026\/04\/Image_Placeholder-13122021-1.jpg\" class=\"elementor-animation-grow attachment-full size-full wp-image-39\" alt=\"\" srcset=\"https:\/\/buromatik.com\/wp-content\/uploads\/2026\/04\/Image_Placeholder-13122021-1.jpg 683w, https:\/\/buromatik.com\/wp-content\/uploads\/2026\/04\/Image_Placeholder-13122021-1-300x264.jpg 300w\" sizes=\"(max-width: 683px) 100vw, 683px\" \/><\/figure><div class=\"elementor-image-box-content\"><h4 class=\"elementor-image-box-title\">Formulare<\/h4><p class=\"elementor-image-box-description\">Kundenanfragen werden automatisch erfasst und ordentlich gespeichert \u2013 kein Chaos mehr.<\/p><\/div><\/div>\t\t\t\t<\/div>\n\t\t\t\t<div class=\"elementor-element elementor-element-3afe9b04 elementor-widget-tablet__width-initial elementor-widget-mobile__width-inherit elementor-widget__width-initial elementor-position-top elementor-widget elementor-widget-image-box\" data-id=\"3afe9b04\" data-element_type=\"widget\" data-e-type=\"widget\" data-widget_type=\"image-box.default\">\n\t\t\t\t\t<div class=\"elementor-image-box-wrapper\"><figure class=\"elementor-image-box-img\"><img fetchpriority=\"high\" decoding=\"async\" width=\"683\" height=\"600\" src=\"https:\/\/buromatik.com\/wp-content\/uploads\/2026\/04\/Image_Placeholder-13122021-1.jpg\" class=\"elementor-animation-grow attachment-full size-full wp-image-39\" alt=\"\" srcset=\"https:\/\/buromatik.com\/wp-content\/uploads\/2026\/04\/Image_Placeholder-13122021-1.jpg 683w, https:\/\/buromatik.com\/wp-content\/uploads\/2026\/04\/Image_Placeholder-13122021-1-300x264.jpg 300w\" sizes=\"(max-width: 683px) 100vw, 683px\" \/><\/figure><div class=\"elementor-image-box-content\"><h4 class=\"elementor-image-box-title\">Abl\u00e4ufe automatisieren<\/h4><p class=\"elementor-image-box-description\">E-Mails, Benachrichtigungen und Prozesse laufen automatisch im Hintergrund.<\/p><\/div><\/div>\t\t\t\t<\/div>\n\t\t\t\t<div class=\"elementor-element elementor-element-4013ea92 elementor-widget-tablet__width-initial elementor-widget-mobile__width-inherit elementor-widget__width-initial elementor-position-top elementor-widget elementor-widget-image-box\" data-id=\"4013ea92\" data-element_type=\"widget\" data-e-type=\"widget\" data-widget_type=\"image-box.default\">\n\t\t\t\t\t<div class=\"elementor-image-box-wrapper\"><figure class=\"elementor-image-box-img\"><img fetchpriority=\"high\" decoding=\"async\" width=\"683\" height=\"600\" src=\"https:\/\/buromatik.com\/wp-content\/uploads\/2026\/04\/Image_Placeholder-13122021-1.jpg\" class=\"elementor-animation-grow attachment-full size-full wp-image-39\" alt=\"\" srcset=\"https:\/\/buromatik.com\/wp-content\/uploads\/2026\/04\/Image_Placeholder-13122021-1.jpg 683w, https:\/\/buromatik.com\/wp-content\/uploads\/2026\/04\/Image_Placeholder-13122021-1-300x264.jpg 300w\" sizes=\"(max-width: 683px) 100vw, 683px\" \/><\/figure><div class=\"elementor-image-box-content\"><h4 class=\"elementor-image-box-title\">Komplettl\u00f6sung<\/h4><p class=\"elementor-image-box-description\">Wir bauen dein komplettes System \u2013 alles funktioniert zusammen.<\/p><\/div><\/div>\t\t\t\t<\/div>\n\t\t\t\t<\/div>\n\t\t\t\t<div class=\"elementor-element elementor-element-acbef43 elementor-widget elementor-widget-heading\" data-id=\"acbef43\" data-element_type=\"widget\" data-e-type=\"widget\" data-widget_type=\"heading.default\">\n\t\t\t\t\t<h5 class=\"elementor-heading-title elementor-size-default\">Alles wird individuell f\u00fcr dein Unternehmen eingerichtet.<\/h5>\t\t\t\t<\/div>\n\t\t\t\t<div class=\"elementor-element elementor-element-33e86e03 elementor-align-center elementor-widget__width-inherit elementor-invisible elementor-widget elementor-widget-button\" data-id=\"33e86e03\" data-element_type=\"widget\" data-e-type=\"widget\" data-settings=\"{&quot;_animation&quot;:&quot;fadeInDown&quot;}\" data-widget_type=\"button.default\">\n\t\t\t\t\t\t\t\t\t\t<a class=\"elementor-button elementor-size-sm\" role=\"button\">\n\t\t\t\t\t\t<span class=\"elementor-button-content-wrapper\">\n\t\t\t\t\t\t\t\t\t<span class=\"elementor-button-text\">Kostenlose Analyse starten<\/span>\n\t\t\t\t\t<\/span>\n\t\t\t\t\t<\/a>\n\t\t\t\t\t\t\t\t<\/div>\n\t\t\t\t<div class=\"elementor-element elementor-element-30a42f7 elementor-widget elementor-widget-text-editor\" data-id=\"30a42f7\" data-element_type=\"widget\" data-e-type=\"widget\" data-widget_type=\"text-editor.default\">\n\t\t\t\t\t\t\t\t\t<p>! Kostenlos &amp; unverbindlich<br data-start=\"832\" data-end=\"835\" \/>Antwort innerhalb von 24 Stunden<\/p>\t\t\t\t\t\t\t\t<\/div>\n\t\t\t\t<div class=\"elementor-element elementor-element-a9b5ce3 e-con e-atomic-element e-div-block-base\" data-id=\"a9b5ce3\" data-element_type=\"e-div-block\" data-e-type=\"e-div-block\" data-interaction-id=\"a9b5ce3\" data-e-type=\"e-div-block\" data-id=\"a9b5ce3\">\n\t\t<div class=\"elementor-element elementor-element-2760d5e e-flex e-con-boxed e-con e-parent\" data-id=\"2760d5e\" data-element_type=\"container\" data-e-type=\"container\">\n\t\t\t\t\t<div class=\"e-con-inner\">\n\t\t\t\t<div class=\"elementor-element elementor-element-22b8ef5 elementor-widget elementor-widget-html\" data-id=\"22b8ef5\" data-element_type=\"widget\" data-e-type=\"widget\" data-widget_type=\"html.default\">\n\t\t\t\t\t<section class=\"buromatik-why blueprint\">\r\n  <div class=\"container\">\r\n\r\n    <div class=\"section-header\">\r\n      <h2>Warum B\u00fcromatik?<\/h2>\r\n      <p>Struktur statt Chaos \u2013 einfach und verst\u00e4ndlich umgesetzt.<\/p>\r\n    <\/div>\r\n\r\n    <div class=\"why-grid\">\r\n\r\n      <div class=\"why-card\">\r\n        <div class=\"icon-box\">\r\n          <span class=\"icon icon-bolt\"><\/span>\r\n        <\/div>\r\n        <h3>Einfach &amp; verst\u00e4ndlich<\/h3>\r\n        <p>Keine komplizierten Systeme \u2013 alles wird klar aufgebaut und sofort nutzbar.<\/p>\r\n      <\/div>\r\n\r\n      <div class=\"why-card\">\r\n        <div class=\"icon-box\">\r\n          <span class=\"icon icon-clock\"><\/span>\r\n        <\/div>\r\n        <h3>Spart dir Zeit<\/h3>\r\n        <p>Wiederkehrende Aufgaben laufen automatisch im Hintergrund.<\/p>\r\n      <\/div>\r\n\r\n      <div class=\"why-card\">\r\n        <div class=\"icon-box\">\r\n          <span class=\"icon icon-grid\"><\/span>\r\n        <\/div>\r\n        <h3>Individuell f\u00fcr dich<\/h3>\r\n        <p>Keine Standardl\u00f6sung \u2013 alles wird an dein Unternehmen angepasst.<\/p>\r\n      <\/div>\r\n\r\n      <div class=\"why-card\">\r\n        <div class=\"icon-box\">\r\n          <span class=\"icon icon-support\"><\/span>\r\n        <\/div>\r\n        <h3>Pers\u00f6nlicher Support<\/h3>\r\n        <p>Du hast einen direkten Ansprechpartner bei Fragen.<\/p>\r\n      <\/div>\r\n\r\n    <\/div>\r\n  <\/div>\r\n<\/section>\r\n\r\n<style>\r\n.buromatik-why.blueprint {\r\n  background: #ffffff;\r\n  padding: 110px 20px;\r\n  position: relative;\r\n  overflow: hidden;\r\n}\r\n\r\n\/* Subtiles Blueprint Grid *\/\r\n.buromatik-why.blueprint::before {\r\n  content: \"\";\r\n  position: absolute;\r\n  inset: 0;\r\n  background-image:\r\n    linear-gradient(rgba(31,42,96,0.035) 1px, transparent 1px),\r\n    linear-gradient(90deg, rgba(31,42,96,0.035) 1px, transparent 1px);\r\n  background-size: 40px 40px;\r\n  pointer-events: none;\r\n}\r\n\r\n.buromatik-why.blueprint .container {\r\n  max-width: 1180px;\r\n  margin: 0 auto;\r\n  position: relative;\r\n  z-index: 2;\r\n}\r\n\r\n.buromatik-why.blueprint .section-header {\r\n  text-align: center;\r\n  margin-bottom: 60px;\r\n}\r\n\r\n.buromatik-why.blueprint .section-header h2 {\r\n  font-size: clamp(36px, 6vw, 64px);\r\n  line-height: 1.05;\r\n  font-weight: 800;\r\n  letter-spacing: -0.03em;\r\n  color: #1f2a60;\r\n  margin: 0 0 16px;\r\n}\r\n\r\n.buromatik-why.blueprint .section-header p {\r\n  margin: 0;\r\n  font-size: 20px;\r\n  line-height: 1.6;\r\n  color: #6b768f;\r\n}\r\n\r\n.buromatik-why.blueprint .why-grid {\r\n  display: grid;\r\n  grid-template-columns: repeat(2, minmax(0, 1fr));\r\n  gap: 28px;\r\n}\r\n\r\n.buromatik-why.blueprint .why-card {\r\n  background: rgba(255,255,255,0.94);\r\n  border: 1px solid rgba(31,42,96,0.08);\r\n  border-radius: 22px;\r\n  padding: 34px;\r\n  transition: transform 0.25s ease, box-shadow 0.25s ease, border-color 0.25s ease;\r\n  box-shadow: 0 12px 35px rgba(31,42,96,0.05);\r\n}\r\n\r\n.buromatik-why.blueprint .why-card:hover {\r\n  transform: translateY(-4px);\r\n  box-shadow: 0 18px 42px rgba(31,42,96,0.09);\r\n  border-color: rgba(61,173,107,0.22);\r\n}\r\n\r\n.buromatik-why.blueprint .icon-box {\r\n  width: 56px;\r\n  height: 56px;\r\n  border-radius: 16px;\r\n  background: #f3f6fb;\r\n  border: 1px solid rgba(31,42,96,0.08);\r\n  display: flex;\r\n  align-items: center;\r\n  justify-content: center;\r\n  margin-bottom: 18px;\r\n}\r\n\r\n\/* Base icon *\/\r\n.buromatik-why.blueprint .icon {\r\n  position: relative;\r\n  display: inline-block;\r\n  width: 24px;\r\n  height: 24px;\r\n}\r\n\r\n\/* Blitz *\/\r\n.buromatik-why.blueprint .icon-bolt::before {\r\n  content: \"\";\r\n  position: absolute;\r\n  left: 7px;\r\n  top: 1px;\r\n  width: 10px;\r\n  height: 22px;\r\n  background: #1f2a60;\r\n  clip-path: polygon(45% 0, 100% 0, 62% 42%, 100% 42%, 22% 100%, 42% 58%, 0 58%);\r\n}\r\n\r\n\/* Uhr *\/\r\n.buromatik-why.blueprint .icon-clock {\r\n  border: 2px solid #1f2a60;\r\n  border-radius: 50%;\r\n  box-sizing: border-box;\r\n}\r\n\r\n.buromatik-why.blueprint .icon-clock::before {\r\n  content: \"\";\r\n  position: absolute;\r\n  left: 10px;\r\n  top: 5px;\r\n  width: 2px;\r\n  height: 8px;\r\n  background: #1f2a60;\r\n  border-radius: 2px;\r\n}\r\n\r\n.buromatik-why.blueprint .icon-clock::after {\r\n  content: \"\";\r\n  position: absolute;\r\n  left: 10px;\r\n  top: 11px;\r\n  width: 7px;\r\n  height: 2px;\r\n  background: #1f2a60;\r\n  border-radius: 2px;\r\n  transform: rotate(35deg);\r\n  transform-origin: left center;\r\n}\r\n\r\n\/* Grid \/ System *\/\r\n.buromatik-why.blueprint .icon-grid {\r\n  background:\r\n    linear-gradient(#1f2a60 0 0) left top\/9px 9px no-repeat,\r\n    linear-gradient(#1f2a60 0 0) right top\/9px 9px no-repeat,\r\n    linear-gradient(#3dad6b 0 0) left bottom\/9px 9px no-repeat,\r\n    linear-gradient(#1f2a60 0 0) right bottom\/9px 9px no-repeat;\r\n  border-radius: 4px;\r\n}\r\n\r\n\/* Support \/ Headset clean *\/\r\n.buromatik-why.blueprint .icon-support::before {\r\n  content: \"\";\r\n  position: absolute;\r\n  inset: 3px 3px 8px 3px;\r\n  border: 2px solid #1f2a60;\r\n  border-bottom: none;\r\n  border-radius: 12px 12px 8px 8px;\r\n}\r\n\r\n.buromatik-why.blueprint .icon-support::after {\r\n  content: \"\";\r\n  position: absolute;\r\n  left: 5px;\r\n  right: 5px;\r\n  bottom: 2px;\r\n  height: 7px;\r\n  border-bottom: 2px solid #1f2a60;\r\n  border-radius: 0 0 10px 10px;\r\n}\r\n\r\n.buromatik-why.blueprint .why-card h3 {\r\n  font-size: 24px;\r\n  line-height: 1.25;\r\n  color: #1f2a60;\r\n  margin: 0 0 12px;\r\n  font-weight: 700;\r\n}\r\n\r\n.buromatik-why.blueprint .why-card p {\r\n  font-size: 17px;\r\n  line-height: 1.65;\r\n  color: #5e6b88;\r\n  margin: 0;\r\n}\r\n\r\n@media (max-width: 900px) {\r\n  .buromatik-why.blueprint {\r\n    padding: 80px 18px;\r\n  }\r\n\r\n  .buromatik-why.blueprint .why-grid {\r\n    grid-template-columns: 1fr;\r\n  }\r\n\r\n  .buromatik-why.blueprint .section-header {\r\n    margin-bottom: 40px;\r\n  }\r\n\r\n  .buromatik-why.blueprint .section-header h2 {\r\n    font-size: 36px;\r\n  }\r\n\r\n  .buromatik-why.blueprint .section-header p {\r\n    font-size: 18px;\r\n  }\r\n\r\n  .buromatik-why.blueprint .why-card {\r\n    padding: 28px 22px;\r\n  }\r\n}\r\n<\/style>\t\t\t\t<\/div>\n\t\t\t\t\t<\/div>\n\t\t\t\t<\/div>\n\t\t\t\t<\/div>\n\t\t\t\t\t<\/div>\n\t\t\t\t<\/div>\n\t\t<div class=\"elementor-element elementor-element-4c3cac6b e-flex e-con-boxed e-con e-parent\" data-id=\"4c3cac6b\" data-element_type=\"container\" data-e-type=\"container\">\n\t\t\t\t\t<div class=\"e-con-inner\">\n\t\t<div class=\"elementor-element elementor-element-34530233 e-con-full e-flex e-con e-child\" data-id=\"34530233\" data-element_type=\"container\" data-e-type=\"container\" data-settings=\"{&quot;background_background&quot;:&quot;classic&quot;}\">\n\t\t\t\t<\/div>\n\t\t<div class=\"elementor-element elementor-element-38737bf9 e-con-full e-flex e-con e-child\" data-id=\"38737bf9\" data-element_type=\"container\" data-e-type=\"container\">\n\t\t\t\t<div class=\"elementor-element elementor-element-4fa4a666 elementor-widget elementor-widget-heading\" data-id=\"4fa4a666\" data-element_type=\"widget\" data-e-type=\"widget\" data-widget_type=\"heading.default\">\n\t\t\t\t\t<h2 class=\"elementor-heading-title elementor-size-default\">About Our Company<\/h2>\t\t\t\t<\/div>\n\t\t\t\t<div class=\"elementor-element elementor-element-3e691c69 elementor-widget elementor-widget-text-editor\" data-id=\"3e691c69\" data-element_type=\"widget\" data-e-type=\"widget\" data-widget_type=\"text-editor.default\">\n\t\t\t\t\t\t\t\t\tUse this section to describe your company and the services you offer. You could share your company\u2019s story and details about why you are in business. The goal is to create a connection with the visitor and give them confidence to work with you.\t\t\t\t\t\t\t\t<\/div>\n\t\t\t\t<div class=\"elementor-element elementor-element-177f164e elementor-mobile-align-center elementor-tablet-align-center elementor-invisible elementor-widget elementor-widget-button\" data-id=\"177f164e\" data-element_type=\"widget\" data-e-type=\"widget\" data-settings=\"{&quot;_animation&quot;:&quot;fadeIn&quot;}\" data-widget_type=\"button.default\">\n\t\t\t\t\t\t\t\t\t\t<a class=\"elementor-button elementor-button-link elementor-size-sm\" href=\"https:\/\/buromatik.com\/?page_id=32\">\n\t\t\t\t\t\t<span class=\"elementor-button-content-wrapper\">\n\t\t\t\t\t\t\t\t\t<span class=\"elementor-button-text\">Our Story<\/span>\n\t\t\t\t\t<\/span>\n\t\t\t\t\t<\/a>\n\t\t\t\t\t\t\t\t<\/div>\n\t\t\t\t<\/div>\n\t\t\t\t\t<\/div>\n\t\t\t\t<\/div>\n\t\t<div class=\"elementor-element elementor-element-77ccfb7a e-con-full e-flex e-con e-parent\" data-id=\"77ccfb7a\" data-element_type=\"container\" data-e-type=\"container\" data-settings=\"{&quot;background_background&quot;:&quot;classic&quot;}\">\n\t\t\t\t<div class=\"elementor-element elementor-element-764d0839 elementor-cta--layout-image-right elementor-cta--valign-middle elementor-cta--mobile-layout-image-above elementor-widget__width-initial elementor-widget-tablet__width-inherit elementor-cta--skin-classic elementor-animated-content elementor-bg-transform elementor-bg-transform-zoom-in elementor-widget elementor-widget-call-to-action\" data-id=\"764d0839\" data-element_type=\"widget\" data-e-type=\"widget\" data-widget_type=\"call-to-action.default\">\n\t\t\t\t\t\t\t<div class=\"elementor-cta\">\n\t\t\t\t\t\t\t<div class=\"elementor-cta__content\">\n\t\t\t\t\n\t\t\t\t\t\t\t\t\t<h2 class=\"elementor-cta__title elementor-cta__content-item elementor-content-item\">\n\t\t\t\t\t\tLass uns dein B\u00fcro einfacher machen.\t\t\t\t\t<\/h2>\n\t\t\t\t\n\t\t\t\t\t\t\t\t\t<div class=\"elementor-cta__description elementor-cta__content-item elementor-content-item\">\n\t\t\t\t\t\tDu musst kein Technik-Profi sein.\nWir zeigen dir, wie dein B\u00fcro automatisch l\u00e4uft \u2013 einfach und verst\u00e4ndlich.\t\t\t\t\t<\/div>\n\t\t\t\t\n\t\t\t\t\t\t\t\t\t<div class=\"elementor-cta__button-wrapper elementor-cta__content-item elementor-content-item \">\n\t\t\t\t\t<a class=\"elementor-cta__button elementor-button elementor-size-md\" href=\"https:\/\/buromatik.com\/?attachment_id=17\">\n\t\t\t\t\t\tKostenlose Analyse starten\t\t\t\t\t<\/a>\n\t\t\t\t\t<\/div>\n\t\t\t\t\t\t\t<\/div>\n\t\t\t\t\t\t<\/div>\n\t\t\t\t\t\t<\/div>\n\t\t\t\t<div class=\"elementor-element elementor-element-9c0995d elementor-widget elementor-widget-text-editor\" data-id=\"9c0995d\" data-element_type=\"widget\" data-e-type=\"widget\" data-widget_type=\"text-editor.default\">\n\t\t\t\t\t\t\t\t\t<p>Kostenlos &amp; unverbindlich-Antwort innerhalb von 24 Stunden<\/p>\t\t\t\t\t\t\t\t<\/div>\n\t\t\t\t<\/div>\n\t\t\t\t<\/div>\n\t\t","protected":false},"excerpt":{"rendered":"<p>Dein B\u00fcro l\u00e4uft automatisch. Mehr Zeit f\u00fcr echte Arbeit. Kostenlose Anfrage starten Was wir f\u00fcr dich automatisieren This text briefly introduces your main services to your visitors. Formulare Kundenanfragen werden automatisch erfasst und ordentlich gespeichert \u2013 kein Chaos mehr. Abl\u00e4ufe automatisieren E-Mails, Benachrichtigungen und Prozesse laufen automatisch im Hintergrund. Komplettl\u00f6sung Wir bauen dein komplettes System [&hellip;]<\/p>\n","protected":false},"author":1,"featured_media":42,"parent":0,"menu_order":0,"comment_status":"closed","ping_status":"closed","template":"elementor_header_footer","meta":{"footnotes":""},"class_list":["post-37","page","type-page","status-publish","has-post-thumbnail","hentry"],"_links":{"self":[{"href":"https:\/\/buromatik.com\/index.php?rest_route=\/wp\/v2\/pages\/37","targetHints":{"allow":["GET"]}}],"collection":[{"href":"https:\/\/buromatik.com\/index.php?rest_route=\/wp\/v2\/pages"}],"about":[{"href":"https:\/\/buromatik.com\/index.php?rest_route=\/wp\/v2\/types\/page"}],"author":[{"embeddable":true,"href":"https:\/\/buromatik.com\/index.php?rest_route=\/wp\/v2\/users\/1"}],"replies":[{"embeddable":true,"href":"https:\/\/buromatik.com\/index.php?rest_route=%2Fwp%2Fv2%2Fcomments&post=37"}],"version-history":[{"count":6,"href":"https:\/\/buromatik.com\/index.php?rest_route=\/wp\/v2\/pages\/37\/revisions"}],"predecessor-version":[{"id":89,"href":"https:\/\/buromatik.com\/index.php?rest_route=\/wp\/v2\/pages\/37\/revisions\/89"}],"wp:featuredmedia":[{"embeddable":true,"href":"https:\/\/buromatik.com\/index.php?rest_route=\/wp\/v2\/media\/42"}],"wp:attachment":[{"href":"https:\/\/buromatik.com\/index.php?rest_route=%2Fwp%2Fv2%2Fmedia&parent=37"}],"curies":[{"name":"wp","href":"https:\/\/api.w.org\/{rel}","templated":true}]}}